{"id":24,"date":"2018-08-05T19:03:59","date_gmt":"2018-08-05T19:03:59","guid":{"rendered":"http:\/\/eltera.org\/?page_id=5"},"modified":"2018-08-05T19:03:59","modified_gmt":"2018-08-05T19:03:59","slug":"home","status":"publish","type":"page","link":"https:\/\/eltera.org\/","title":{"rendered":"Home"},"content":{"rendered":"<p><strong><i><img loading=\"lazy\" decoding=\"async\" class=\"size-medium wp-image-404 alignright\" src=\"https:\/\/eltera.org\/wp-content\/uploads\/2021\/02\/Caty-Bild-202x300.jpg\" alt=\"\" width=\"202\" height=\"300\" \/><br \/>\n\u201eD\u0103-i omului un peste \u0219i va avea de m\u00e2ncare o zi. \u00cenva\u021b\u0103-l s\u0103 pescuiasc\u0103 \u0219i va avea de m\u00e2ncare toat\u0103 via\u021ba.\u201d<\/i><\/strong><\/p>\n<p>Noi nu suntem at\u00e2t de pricepu\u021bi \u00eenc\u00e2t s\u0103 \u00eei \u00eenv\u0103\u021b\u0103m <i>s\u0103 pescuiasc\u0103<\/i>. \u00cenc\u0103 \u00eei \u00eenv\u0103\u021b\u0103m <i>s\u0103 sape dup\u0103 r\u00e2me<\/i>. \u00cenv\u0103\u021b\u0103m unii de la al\u021bii c\u0103 \u00eempreun\u0103 suntem mai pricepu\u021bi \u0219i cu siguran\u021ba vom avea succes.<span class=\"Apple-converted-space\">\u00a0<\/span><\/p>\n<p>Mul\u021bumim c\u0103 ne sunte\u021bi al\u0103turi<span class=\"Apple-converted-space\">\u00a0&#8211;\u00a0<\/span>Cu recuno\u0219tin\u021b\u0103!<\/p>\n<hr \/>\n<p><em>English:<b><br \/>\n\u201cGive a man a fish and you will feed him for a day;\u00a0<\/b><\/em><em><b>teach a man to fish and you feed him for a lifetime\u201d.<\/b><\/em><\/p>\n<p>We are not experts that could teach them <em>how to fish<\/em>.\u00a0We are just at teaching them how to <em>dig for worms<\/em>.\u00a0We learn from each other that together we are better\u00a0skilled and we will defi nitively achieve more.<\/p>\n<p>Happy to have you in our boat &#8211;\u00a0Thank you so much!<\/p>\n<hr \/>\n<p><em>Deutsch:<\/em><strong><em><br \/>\n\u201eGib einem Mann einen Fisch und du ern\u00e4hrst ihn f\u00fcr einen Tag. Lehre einen Mann zu fischen und du ern\u00e4hrst ihn f\u00fcr sein Leben.\u201d <\/em><\/strong><\/p>\n<p>Wir sind keine Profis, die wissen, wie man ihnen beibringt zu fischen. Wir bringen ihnen nur bei, nach W\u00fcrmern zu suchen. Wir lernen gegenseitig, dass wir zusammen mehr k\u00f6nnen und auf jeden Fall mehr erreichen k\u00f6nnen.<\/p>\n<p>Wir sind froh, dass wir Dich im Boot haben &#8211;\u00a0Herzlichen Dank!<\/p>\n","protected":false},"excerpt":{"rendered":"<p>\u201eD\u0103-i omului un peste \u0219i va avea de m\u00e2ncare o zi. \u00cenva\u021b\u0103-l s\u0103 pescuiasc\u0103 \u0219i va avea de m\u00e2ncare toat\u0103 via\u021ba.\u201d Noi nu suntem at\u00e2t de pricepu\u021bi \u00eenc\u00e2t s\u0103 \u00eei \u00eenv\u0103\u021b\u0103m s\u0103 pescuiasc\u0103. \u00cenc\u0103 \u00eei \u00eenv\u0103\u021b\u0103m s\u0103 sape dup\u0103 r\u00e2me. \u00cenv\u0103\u021b\u0103m unii de la al\u021bii c\u0103 \u00eempreun\u0103 suntem mai pricepu\u021bi \u0219i cu siguran\u021ba vom avea &hellip; <\/p>\n<p class=\"link-more\"><a href=\"https:\/\/eltera.org\/\" class=\"more-link\">Continue reading<span class=\"screen-reader-text\"> &#8220;Home&#8221;<\/span><\/a><\/p>\n","protected":false},"author":1,"featured_media":0,"parent":0,"menu_order":0,"comment_status":"closed","ping_status":"closed","template":"","meta":{"footnotes":""},"class_list":["post-24","page","type-page","status-publish","hentry"],"_links":{"self":[{"href":"https:\/\/eltera.org\/index.php?rest_route=\/wp\/v2\/pages\/24","targetHints":{"allow":["GET"]}}],"collection":[{"href":"https:\/\/eltera.org\/index.php?rest_route=\/wp\/v2\/pages"}],"about":[{"href":"https:\/\/eltera.org\/index.php?rest_route=\/wp\/v2\/types\/page"}],"author":[{"embeddable":true,"href":"https:\/\/eltera.org\/index.php?rest_route=\/wp\/v2\/users\/1"}],"replies":[{"embeddable":true,"href":"https:\/\/eltera.org\/index.php?rest_route=%2Fwp%2Fv2%2Fcomments&post=24"}],"version-history":[{"count":0,"href":"https:\/\/eltera.org\/index.php?rest_route=\/wp\/v2\/pages\/24\/revisions"}],"wp:attachment":[{"href":"https:\/\/eltera.org\/index.php?rest_route=%2Fwp%2Fv2%2Fmedia&parent=24"}],"curies":[{"name":"wp","href":"https:\/\/api.w.org\/{rel}","templated":true}]}}